{"id":453,"date":"2017-01-15T13:43:30","date_gmt":"2017-01-15T13:43:30","guid":{"rendered":"http:\/\/www.leohofmann.com\/?page_id=453"},"modified":"2025-12-24T20:37:58","modified_gmt":"2025-12-24T19:37:58","slug":"bio-cv","status":"publish","type":"page","link":"https:\/\/www.leohofmann.com\/en\/bio-cv\/","title":{"rendered":"cv"},"content":{"rendered":"<p><u>Education<\/u><br \/>\n2014 &nbsp;MA Research on the Arts, University Bern, CH<br \/>\n2013 &nbsp;MA Contemporary Arts Practice, University of the Arts Bern, CH<br \/>\n2011 &nbsp;BA Music and media art, University of the Arts Bern, CH<\/p>\n<p><u>Grants<\/u><br \/>\n2024&nbsp; Residency &#8220;Reconnect&#8221; from Kanton Basel-Landschaft, CH<br \/>\n2024&nbsp; Atelierstipendium of the City of Z\u00fcrich, CH<br \/>\n2021&nbsp; Atelierstipendium Landis &amp; Gyr, London, UK<br \/>\n2019&nbsp; Villa Aurora artist residency, Los Angeles, US<br \/>\n2017&nbsp; ARD PiNball audio drama award, DE<br \/>\n2017&nbsp; Swiss Performance Art Award, CH<br \/>\n2017 &nbsp;Residency Fleetstreet, Hamburg, DE<br \/>\n2016 &nbsp;Fellowship Studio Roma, Istituto Svizzero di Roma, IT<br \/>\n2016 &nbsp;Prize Leipziger H\u00f6rspielsommer, DE<br \/>\n2014 &nbsp;Medienkunstpreis Oberrhein, artforum, DE<br \/>\n2014 &nbsp;Sound Art Fellowship Braunschweig Projects, Land Niedersachsen, DE<br \/>\n2013&nbsp; Giga-Hertz Encouragement prize electronic music, ZKM Karlsruhe, DE<br \/>\n2012 &nbsp;1. Prize HOER.SPIEL, category students, IC\\M\/T, AT<\/p>\n<p><u>Teaching \/ Lecture \/ Workshop<\/u><br \/>\n2024-26&nbsp; Seminar \u201ePerformance\u201c, Course \u201eSound Arts\u201c HKB Bern, CH<br \/>\n2025&nbsp; Lunchtime Seminar, SARC Sonic Arts Research Centre, UK<br \/>\n2025&nbsp; Opernlandschaft, Un-Label K\u00f6ln, DE<br \/>\n2024&nbsp; Seminar \u201ePAKT\u201c, HfMT Hamburg, DE<br \/>\n2024&nbsp; Project week \u201eHow to Sound\u201c, Fachbereich MA Theater, HKB Bern, CH<br \/>\n2023&nbsp; Toolbox \u201eH\u00f6r+Spiel\u201c, Hochschule der K\u00fcnste Bern, CH<br \/>\n2023&nbsp; Workshop \u201eKollektives Arbeiten\u201c, HfS Ernst-Busch, DE<br \/>\n2023&nbsp; Workshop \u201eMultisensory music-making\u201c, sogar theater, CH<br \/>\n2023&nbsp; Workshop \u201eBarrierearmes Produzieren\u201c, Hauptsache Frei #9, DE<br \/>\n2023&nbsp; Workshop \u201eSonic Actors\u201c, Festival Hauptsache Frei #9 Hamburg, DE<br \/>\n2023&nbsp; Project week \u201eHow to Sound\u201c, Fachbereich MA Theater, HKB Bern, CH<br \/>\n2023&nbsp; Guest lecture \u201eSound Arts\u201c, Hochschule der K\u00fcnste Bern, CH<br \/>\n2022&nbsp; Project week \u201eDie sch\u00f6nste M\u00fclltonne des 18. Jh.\u201c, MKG Hamburg, DE<br \/>\n2022&nbsp; Workshop [in]operabilities*2, Kampnagel Hamburg, DE<br \/>\n2021&nbsp; Toolbox &#8220;Voicing&#8221;, Hochschule der K\u00fcnste Bern, CH<br \/>\n2021&nbsp; Workshop [in]operabilities*1, Kampnagel Hamburg, DE<br \/>\n2019&nbsp; Workshop &#8220;Selbstbestimmungen&#8221;, HfMT Hamburg, DE<br \/>\n2018&nbsp; Workshop @R\u00e9publique G\u00e9niale, Kunstmuseum Bern, DE<br \/>\n2017&nbsp; Vortrag @Praktiken des Sprechens, Hochschule der K\u00fcnste Bern, CH<br \/>\n2017&nbsp; Vortrag @MusikImPuls, Laeiszhalle Hamburg, DE<br \/>\n2017&nbsp; Workshop &#8220;Soundspione im Lauschrausch&#8221;, Quarree Wandsbek, DE<br \/>\n2016&nbsp; Workshop &#8220;Choreographic Coding Lab&#8221;, Goethe-Institut Nairobi, KE<br \/>\n2016&nbsp; Lecture @Sound\u2013Traces\u2013Moves, University Mozarteum, Salzburg, AT<br \/>\n2016 &nbsp;Seminar &#8220;Ritournelle&#8221;, University of the Arts Bern, CH<br \/>\n2014 &nbsp;Workshop &#8220;Next Generation&#8221;, Donaueschinger Musiktage, DE<br \/>\n2013 &nbsp;Seminar &#8220;Sprachlichter \u2013 Irrlichter&#8221;, University of the Arts Bern, CH<br \/>\n2012&nbsp; Lecture @&#8221;Mensch &amp; Computer 2012&#8243;, University Konstanz, DE<\/p>\n<p><u>Performance \/ Exhibition \/ Broadcast<\/u><\/p>\n<p>2025<br \/>\n&#8220;Die Wellen&#8221; @Gare du Nord Basel, CH<br \/>\n&#8220;Dog Giovanni&#8221; @Staatsoper Stuttgart, DE<strong><br \/>\n<\/strong>&#8220;The Fountain&#8221; @SARC Sonic Arts Research Centre Belfast, UK<br \/>\n&#8220;Die Wellen&#8221; @Radialsystem Berlin, DE<br \/>\n&#8220;Hosting the Host&#8221; @Sophiensaele Berlin, DE<br \/>\n&#8220;Trotzmusik&#8221; @Goldbekhaus Hamburg, DE<br \/>\n&#8220;Trotzmusik&#8221; @resonanzraum Hamburg, DE<br \/>\n&#8220;Die Insel&#8221;, Festival SONIC MATTER, Gessnerallee Z\u00fcrich, CH<br \/>\n&#8220;Die Insel&#8221;, Gare du Nord Basel, CH<\/p>\n<p>2024<br \/>\n&#8220;Queen of Hearts&#8221; @deSingel, Antwerpen, BE<br \/>\n&#8220;Die Wellen&#8221; @Kampnagel Hamburg, DE<br \/>\n&#8220;Mein Lied von der Erde&#8221; @Kunstraum Walcheturm Z\u00fcrich, CH<br \/>\n&#8220;Mein Lied von der Erde&#8221; @Dampfzentrale Bern, CH<br \/>\n&#8220;Caricias&#8221; @Kulturmarkt Z\u00fcrich, CH<br \/>\n&#8220;Zukunftsmusik&#8221; @Nationalphonothek Lugano\/ Yehudi Menuhin Forum, CH<br \/>\n&#8220;A Singthing&#8221; @Schwankhalle Bremen, DE<br \/>\n&#8220;A Singthing&#8221; @Festival ORBIT \/ Oper K\u00f6ln, DE<br \/>\n&#8220;Die Insel&#8221;, Radialsystem Berlin, DE<br \/>\n&#8220;Die Insel&#8221;, Kampnagel Hamburg, DE<\/p>\n<p>2023<br \/>\nConcert &#8220;PE X -OUS X G.O.D.&#8221;, Rote Fabrik Z\u00fcrich, CH<br \/>\n&#8220;Queen of Hearts&#8221; @Festival Musica, Strasbourg, FR<br \/>\n&#8220;A Singthing&#8221; @K\u00fcnstler*innenhaus Mousonturm, DE<br \/>\n&#8220;Feaci&#8221; @Floating Transmissions, MS Stubnitz, Hamburg DE<br \/>\n&#8220;Studiorama&#8221; @Ballhaus Ost Berlin, DE<br \/>\n&#8220;Mixed feelings&#8221; @Deutschlandfunk Kultur, DE<br \/>\n&#8220;Baby I&#8217;m gonna make you sweat&#8221; @Lichthof Theater Hamburg, DE<br \/>\n&#8220;The Fountain&#8221; @City, University of London, UK<br \/>\n&#8220;VOID&#8221; @Fr\u00fchlingsfest, PACT Zollverein Essen, DE<br \/>\n[in]operabilities: LABOR @Kampnagel Hamburg, DE<\/p>\n<p>2022<br \/>\n&#8220;A Singthing&#8221; @Gare du Nord, Basel, CH<br \/>\n&#8220;A Singthing&#8221; @Kunstraum Walcheturm, CH<br \/>\n&#8220;Queen of Hearts&#8221; @Gare du Nord, Basel, CH<br \/>\n&#8220;Open Studio&#8221; @Festival echant\u00e9, Riehen, CH<br \/>\n&#8220;Hausen&#8221; @Musik Installationen, N\u00fcrnberg, DE<br \/>\n&#8220;A Singthing&#8221; @Festival Hauptsache frei, Hamburg, DE<br \/>\n&#8220;Bias Dialogs&#8221; @BangBang \/ Museum Tinguely, Basel, CH<br \/>\n&#8220;All watched over by machines of loving grace&#8221; @Ballhaus Ost, Berlin, DE<br \/>\n&#8220;All watched over by machines of loving grace&#8221; @ROXY Birsfelden, CH<br \/>\n&#8220;A Singthing&#8221; @Radialsystem, Berlin, DE<\/p>\n<p>2021<br \/>\n&#8220;A Singthing&#8221; @Kampnagel, Hamburg, DE<br \/>\n&#8220;Senza Ora&#8221; @Gare du Nord, Basel, CH<br \/>\n&#8220;One side only&#8221; @SO21, Kunstraum Walcheturm, Z\u00fcrich, CH<br \/>\n&#8220;Mixed feelings&#8221; @Theater Neumarkt, Z\u00fcrich, CH<br \/>\n&#8220;Mixed feelings&#8221; @Radio SRF 2, CH<br \/>\n&#8220;All watched over by machines of loving grace&#8221; @Kampnagel, DE<br \/>\n&#8220;Lecker Song&#8221; @Westdeutscher Rundfunk, DE<br \/>\n&#8220;Hausen&#8221; @Residenz Residenz, Schlossplatz Aarau, CH<br \/>\n&#8220;Winterreise&#8221; @ingm Basel, Gare du Nord, CH<\/p>\n<p>2020<br \/>\n&#8220;Bias Dialogs&#8221; @Festival blurred edges, Hamburg, DE<br \/>\n&#8220;kaktus firmus&#8221; @Festival R\u00fcmlingen, CH<br \/>\n&#8220;Machines of Loving Grace&#8221; @online release<br \/>\n&#8220;inside out&#8221; @Deutschlandradio Kultur, DE<\/p>\n<p>2019<br \/>\n&#8220;Bias Dialogs&#8221; @Die l\u00e4ngste Nacht, Kunstraum Walcheturm, Z\u00fcrich, CH<br \/>\n&#8220;Ichi-go ichi-e&#8221; @Schaltzentrale, Kraftwerk Bille, Hamburg, DE<br \/>\n&#8220;Hausen&#8221; @Cabaret Voltaire, Z\u00fcrich, CH<br \/>\n&#8220;All eyes on us&#8221; @Sattelkammer, Bern, CH<br \/>\n&#8220;Falling matters&#8221; @Resonanzraum Hamburg, DE<br \/>\n&#8220;\u00dcber die menschliche Natur&#8221; @K\u00fcnstlerhaus Mousonturm, DE<br \/>\n&#8220;Lala&#8217;s got a secret&#8221; @City Summer Sounds, London, UK<br \/>\n&#8220;Preliminary Study for a Nomadic Life&#8221; @akku, Emmen, CH<br \/>\n&#8220;Lala Walk Through&#8221; @&#8221;Unbehaust&#8221;, Kunsthaus Langenthal, CH<br \/>\n&#8220;Ritournelle&#8221; @Ballhaus Ost, Berlin, DE<br \/>\n&#8220;Ritournelle&#8221; @Kampnagel Hamburg, DE<br \/>\n&#8220;Kolik&#8221; @Radialsystem V, Berlin, DE<br \/>\n&#8220;Teleprompter Paradise&#8221; @Art&#8217;s Birthday, e-werk Freiburg, DE<br \/>\n&#8220;Music for Hotelbars&#8221; @The Stue, Hotelbar, Berlin, DE<\/p>\n<p>2018<br \/>\n&#8220;Abh\u00e4ngigkeitserkl\u00e4rung&#8221; @Studio Naxos, Frankfurt, DE<br \/>\n&#8220;Lala means I love Lala&#8221; @Radio WDR 3, DE<br \/>\n&#8220;Kolik&#8221; @Gare du Nord, Basel, DE<br \/>\n&#8220;Winterreise&#8221; @Ruhrtriennale\/Third Space, Bochum, DE<br \/>\n&#8220;Hey Leo&#8221; @Kunsthalle Darmstadt, Darmst\u00e4tter Ferienkurse, DE<br \/>\n&#8220;Garden State; Another Green Foyer&#8221; @Kampnagel Hamburg, DE<br \/>\n&#8220;Am I talking to you or am I just&#8230;&#8221; @Mannheimer Sommer, DE<br \/>\n&#8220;Winterreise&#8221; @Performing Arts Festival Berlin, DE<br \/>\n&#8220;Teleprompter Paradise&#8221; @Festival Hauptsache Frei, Hamburg, DE<br \/>\n&#8220;Abh\u00e4ngigkeitserkl\u00e4rung&#8221; @Ballhaus Ost, Berlin, DE<br \/>\n&#8220;Abh\u00e4ngigkeitserkl\u00e4rung&#8221; @Kampnagel, Hamburg, DE<br \/>\n&#8220;Teleprompter Paradise&#8221; @WE PRESENT, Lichthof Theater Hamburg, DE<br \/>\n&#8220;Principal Boy&#8221; @Eclat Festival, Turnhalle\/Theaterhaus Stuttgart, DE<br \/>\n&#8220;Winterreise&#8221; @Elbphilharmonie Hamburg, DE<br \/>\n&#8220;Winterreise&#8221; @Kulturschloss Wandsbek, Hamburg, DE<br \/>\n&#8220;Sekundenschlaf&#8221; @SRF2 Kultur, CH<\/p>\n<p>2017<br \/>\n&#8220;Teleprompter Paradise&#8221; @Cabaret Voltaire, Z\u00fcrich, CH<br \/>\n&#8220;Preliminary Study for a Nomadic Life&#8221; @Gessnerallee Z\u00fcrich, CH<br \/>\n&#8220;Hausen&#8221; @Fleetstreet Theater, Hamburg, DE<br \/>\n&#8220;Pierrot Lunaire&#8221; @Musikfestival Bern, Dampfzentrale Bern, CH<br \/>\n&#8220;Winterreise&#8221;, studioNAXOS, Frankfurt\/M, DE<br \/>\n&#8220;Teleprompter Paradise&#8221; @NODE Forum, Mousonturm Frankfurt\/M, DE<br \/>\n&#8220;Teleprompter Paradise&#8221; @Inscape Rooms, Istituto Svizzero, Rome, IT<br \/>\n&#8220;Captcha Songbook&#8221; @blurred edges, K\u00fcnstlerhaus Faktor, Hamburg, DE<br \/>\n&#8220;Teleprompter Paradise&#8221; @SPOR Festival, Teater Refleksion, Aarhus, DK<br \/>\n&#8220;The Reply&#8221; @Extended Compositions, Burg Biel\/Centre Pasquart, CH<br \/>\n&#8220;Captcha Songbook&#8221;, Musikklub Mehrspur Z\u00fcrich, CH<br \/>\n&#8220;Captcha Songbook&#8221;, Gare du Nord Basel, CH<br \/>\n&#8220;Designing Hope&#8221;, CCL Nairobi\/Motion Bank, Goethe Institut Nairobi, KE<br \/>\n&#8220;Winterreise&#8221;, Ballhaus Ost, Berlin, DE<br \/>\n&#8220;Muschelrauschen&#8221; @Extended Compositions, Centre Pasquart Biel, CH<br \/>\n&#8220;Mobile Karma&#8221; @SRF2 Kultur, CH<br \/>\n&#8220;Mobile Karma&#8221; @ARD H\u00f6rspieltage, ZKM Karlsruhe, DE<br \/>\n&#8220;Mobile Karma&#8221; @SWR2 Tandem, DE<br \/>\n&#8220;Frida fliegt aus dem Konzert&#8221;, Burghof L\u00f6rrach DE<br \/>\n&#8220;Frida fliegt aus dem Konzert&#8221;, Konzerthaus Berlin, DE<\/p>\n<p>2016<br \/>\n&#8220;Radio Happenings&#8221; @Greatest Hits Festival, Kampnagel Hamburg, DE<br \/>\n&#8220;Urbana Kalevala&#8221;, Kaserne Basel, CH<br \/>\n&#8220;Winterreise&#8221; @SPACE: A Digital Arts Festival, Goethe Institut Nairobi, KE<br \/>\n&#8220;The Reply&#8221; @Festival SonADA, The Anatomy Rooms, Aberdeen, UK<br \/>\n&#8220;Arnold is (not) here&#8221;, Druckereihalle Basel, CH<br \/>\n&#8220;Arnold is (not) here&#8221;, Bourg Biel, CH<br \/>\n&#8220;Arnold is (not) here&#8221;, L\u2019Abri, Genf, CH<br \/>\n&#8220;Winterreise&#8221; @Dancekiosk Hamburg, DE<br \/>\n&#8220;Winterreise&#8221; @Festival StimmeX, Theater Lichthof, Hamburg, DE<br \/>\n&#8220;Pachinko Playalong extended&#8221;, IGNM Bern, CH<br \/>\n&#8220;wir\/wir\/wir&#8221;, Konzert Theater Bern, CH<br \/>\n&#8220;The Reply&#8221; @SPOR Festival, UngK, Aarhus, DK<br \/>\n&#8220;The Reply&#8221; @Festival Hauptsache Frei, Monsun Theater Hamburg, DE<br \/>\n&#8220;The Reply&#8221; @UFO &amp; Guests, Cabaret Voltaire, Z\u00fcrich, CH<br \/>\n&#8220;Pierrot lunaire&#8221; @Musikpodium Z\u00fcrich, Theater Rigiblick, CH<br \/>\n&#8220;Kunstwerke sind Erlebnismodelle&#8221;, Gare du Nord, Basel, CH<br \/>\n&#8220;Muschelrauschen&#8221; @Festival des H\u00f6rens, Laeiszhalle Hamburg, DE<br \/>\n&#8220;Sekundenschlaf&#8221; @MDR Kultur, DE<br \/>\n&#8220;Sekundenschlaf&#8221; @Kultur Freistunde, detektor.fm, DE<br \/>\n&#8220;Sekundenschlaf&#8221; @7. Berliner H\u00f6rspielfestival, Berlin, DE<br \/>\n&#8220;Sekundenschlaf&#8221; @14. Leipziger H\u00f6rspielsommer, Leipzig, DE<br \/>\n&#8220;Sekundenschlaf&#8221; @Kurzstrecke 46, Deutschlandradio Kultur, DE<\/p>\n<p>2015<br \/>\n&#8220;BEST OF GREATEST HITS&#8221; @Greatest Hits Festival, Kampnagel, DE<br \/>\n&#8220;Muschelrauschen&#8221; &amp; &#8220;Pachinko Playalong&#8221;, Galerie \u00c2me Nue, Hamburg, DE<br \/>\n&#8220;Muschelrauschen&#8221; @Extended Compositions, Kunstquartier Bethanien, DE<br \/>\n&#8220;Wagala Weia \u00c4quivalent&#8221; @Neue Musik Markt, Dampfzentrale Bern, CH<br \/>\n&#8220;Pachinko Playalong&#8221;, Santozeum, Thira\/Santorini, GR<br \/>\n&#8220;A. wie Albertine&#8221; @Kontakte Festival, Akademie der K\u00fcnste, Berlin, DE<br \/>\n&#8220;Sprungfeder&#8221; @Yearzero, kukk verein, Z\u00fcrich, CH<br \/>\n&#8220;Wernherchens Mondfahrt&#8221; @Pfingstkonzerte Ittingen, CH<br \/>\n&#8220;UNGEDULD&#8221; @Schlossmediale Werdenberg, Buchs, CH<br \/>\n&#8220;UNGEDULD&#8221;, Gare du Nord Basel, CH<br \/>\n&#8220;UNGEDULD&#8221; Kunstraum Walcheturm Z\u00fcrich, CH<br \/>\n&#8220;An die verehrte K\u00f6rperschaft&#8221; @Extended Compositions, Radialsystem, DE<br \/>\n&#8220;Frida fliegt aus dem Konzert&#8221;, Schlachthaus Theater, Bern, CH<br \/>\n&#8220;Sekundenschlaf&#8221; @PiNball Kurzh\u00f6rspiel, ARD\/SWR2, DE<\/p>\n<p>2014<br \/>\n&#8220;Pachinko Playalong&#8221; @Imatronic Festival, ZKM Karlsruhe, DE<br \/>\n&#8220;horizon t&#8221; @Ph\u00e4nomen Horizont, gKg Bonn, DE<br \/>\n&#8220;Medienkunstpreis 2014&#8221; e-werk Freiburg, DE<br \/>\n&#8220;Primordial Soup&#8221; @BS Projects, HBK Braunschweig, DE<br \/>\n&#8220;wir\/wir\/wir&#8221; @Internationale Plattform Neues Musiktheater, Bern, CH<br \/>\n&#8220;wir\/wir\/wir&#8221; @Festival StimmeX, Theater Lichthof, Hamburg, DE<br \/>\n&#8220;Music in Training&#8221;, @Internationale Ferienkurse Darmstadt, DE<br \/>\n&#8220;A. wie Albertine&#8221; &amp; &#8220;Sprungfeder&#8221; @Forum Neue Musik Luzern, CH<br \/>\n&#8220;Sprungfeder&#8221; @SonOhr H\u00f6rfestival, Bern, CH<\/p>\n<p>2013<br \/>\n&#8220;Swanns Melodie&#8221; @Davos Festival, Salon Schatzalp, Davos, CH<br \/>\n&#8220;A. wie Albertine&#8221; @next_generation 5.0, ZKM Karlsruhe, DE<br \/>\n&#8220;A. wie Albertine&#8221; @Swiss Selection, Kunstraum Walcheturm Z\u00fcrich, CH<br \/>\n&#8220;A. wie Albertine&#8221; @Nachtstrom 61, Gare du Nord Basel, CH<br \/>\n&#8220;Beckett Quadrat III&#8221; @Openmind Festival, Alte Feuerwache, Mannheim, DE<br \/>\n&#8220;A la recherche de la recherche&#8221; @Performancepreis Schweiz, CH<br \/>\n&#8220;Traumtanz&#8221;, Theatre Belarusian Dramaturgy, Minsk, BY<br \/>\n&#8220;show me, show me, show me&#8221;, Diploma concert, Bourg Biel, CH<br \/>\n&#8220;A. wie Albertine&#8221; @SonOhr H\u00f6rfestival, Bern, CH<br \/>\n&#8220;An die verehrte K\u00f6rperschaft&#8221; @\u00d61 H\u00f6rspiel-Studio, Radio ORF 1, AT<br \/>\n&#8220;An die verehrte K\u00f6rperschaft&#8221; @Kurzstrecke, Deutschlandradio Kultur, DE<br \/>\n&#8220;untitled&#8221; @Festival transform, Bern, CH<\/p>\n<p>2012<br \/>\n&#8220;RestRisiko&#8221; @Biennale Bern, Berner M\u00fcnster, CH<br \/>\n&#8220;An die verehrte K\u00f6rperschaft&#8221; @R\u00fcmlingen Festival, R\u00fcmlingen, CH<br \/>\n&#8220;A la recherche de la recherche&#8221; @Act Festival, Geneve, CH<br \/>\n&#8220;Leo &amp; Maxim&#8221; @Bone15 Performance Festival, CH<br \/>\n&#8220;Muschelrauschen&#8221; @Neu\/NOW Festival, Casa da M\u00fasica, Porto, PT<br \/>\n&#8220;An die verehrte K\u00f6rperschaft&#8221; @Das Weisse Lauschen, SRF 2 Kultur, CH<br \/>\n&#8220;An die verehrte K\u00f6rperschaft&#8221; @10. Leipziger H\u00f6rspielsommer Leipzig, DE<br \/>\n&#8220;An die verehrte K\u00f6rperschaft&#8221; @Kino f\u00fcr die Ohren, St. P\u00f6lten, AT<\/p>\n<p>2011<br \/>\n&#8220;Muschelrauschen&#8221; @Musikfestival Bern, CH<br \/>\n&#8220;Lobby&#8221; @Staging Voices, Stadtgalerie, Bern, CH<br \/>\n&#8220;Lobby&#8221; @Neue T\u00f6ne OPEN, Klangb\u00fcro Stuttgart, DE<br \/>\n&#8220;Membran&#8221; @ImFokus, Galerie B\u00e9atrice Brunner, Bern, CH<br \/>\n&#8220;Ghost City&#8221; @ Treibstoff Festival, Kaserne Basel, CH<br \/>\n<\/p>","protected":false},"excerpt":{"rendered":"<p>Education 2014 &nbsp;MA Research on the Arts, University Bern, CH 2013 &nbsp;MA Contemporary Arts Practice, University of the Arts Bern, CH 2011 &nbsp;BA Music and media art, University of the Arts Bern, CH Grants 2024&nbsp; Residency &#8220;Reconnect&#8221; from Kanton Basel-Landschaft,<span class=\"ellipsis\">&hellip;<\/span><\/p>\n<div class=\"read-more\"><a href=\"https:\/\/www.leohofmann.com\/en\/bio-cv\/\">Read more &#8250;<\/a><\/div>\n<p><!-- end of .read-more --><\/p>\n","protected":false},"author":2,"featured_media":0,"parent":0,"menu_order":0,"comment_status":"closed","ping_status":"closed","template":"","meta":[],"_links":{"self":[{"href":"https:\/\/www.leohofmann.com\/en\/wp-json\/wp\/v2\/pages\/453"}],"collection":[{"href":"https:\/\/www.leohofmann.com\/en\/wp-json\/wp\/v2\/pages"}],"about":[{"href":"https:\/\/www.leohofmann.com\/en\/wp-json\/wp\/v2\/types\/page"}],"author":[{"embeddable":true,"href":"https:\/\/www.leohofmann.com\/en\/wp-json\/wp\/v2\/users\/2"}],"replies":[{"embeddable":true,"href":"https:\/\/www.leohofmann.com\/en\/wp-json\/wp\/v2\/comments?post=453"}],"version-history":[{"count":225,"href":"https:\/\/www.leohofmann.com\/en\/wp-json\/wp\/v2\/pages\/453\/revisions"}],"predecessor-version":[{"id":1801,"href":"https:\/\/www.leohofmann.com\/en\/wp-json\/wp\/v2\/pages\/453\/revisions\/1801"}],"wp:attachment":[{"href":"https:\/\/www.leohofmann.com\/en\/wp-json\/wp\/v2\/media?parent=453"}],"curies":[{"name":"wp","href":"https:\/\/api.w.org\/{rel}","templated":true}]}}